{"id":987880,"date":"2024-09-20T09:00:01","date_gmt":"2024-09-20T07:00:01","guid":{"rendered":"http:\/\/gobin-dethuin-ponthieu.notaires.fr\/?page_id=987880"},"modified":"2025-03-26T13:57:44","modified_gmt":"2025-03-26T12:57:44","slug":"honoraires","status":"publish","type":"page","link":"https:\/\/gobin-dethuin-ponthieu.notaires.fr\/?page_id=987880","title":{"rendered":"Honoraires"},"content":{"rendered":"<div class=\"push\" style='height:30px'><\/div>\n<div class=\"row \"><div class=\"wpv-grid grid-1-1  wpv-first-level first unextended\" style=\"padding-top:0px;padding-bottom:0px\" id=\"wpv-column-155445cd6c654619ef2549244f55a8c1\" ><div class=\"page\" title=\"Page 2\">\n<div class=\"layoutArea\">\n<div class=\"column\" style=\"text-align: center;\"><strong>Liste et tarification des prestations d\u00e9tachables<\/strong><\/div>\n<div class=\"column\" style=\"text-align: center;\">(Article annexe 4-9 du d\u00e9cret num\u00e9ro 2016-230 du 26 f\u00e9vrier 2016 et troisi\u00e8me alin\u00e9a de l&rsquo;article L 444-1 du Code de commerce)<\/div>\n<div class=\"column\" style=\"text-align: center;\">\n<p><a href=\"https:\/\/paris.notaires.fr\/fr\/liste-des-publications?debut=&amp;fin=&amp;publie=13&amp;theme=1204\" target=\"_blank\" rel=\"noopener\">Le tarif r\u00e8glement\u00e9\u2192<\/a><\/p>\n<\/div>\n<\/div>\n<\/div><\/div><\/div>\n<div class=\"row \"><div class=\"wpv-grid grid-1-1  wpv-first-level first unextended\" style=\"padding-top:0px;padding-bottom:0px\" id=\"wpv-column-f53f414f9098ab741519f948e3866685\" ><p><img loading=\"lazy\" decoding=\"async\" class=\"aligncenter size-full wp-image-987943\" src=\"http:\/\/gobin-dethuin-ponthieu.notaires.fr\/wp-content\/uploads\/2025\/03\/Politique-tarifaire.png\" alt=\"\" width=\"633\" height=\"787\" srcset=\"https:\/\/gobin-dethuin-ponthieu.notaires.fr\/wp-content\/uploads\/2025\/03\/Politique-tarifaire.png 633w, https:\/\/gobin-dethuin-ponthieu.notaires.fr\/wp-content\/uploads\/2025\/03\/Politique-tarifaire-241x300.png 241w, https:\/\/gobin-dethuin-ponthieu.notaires.fr\/wp-content\/uploads\/2025\/03\/Politique-tarifaire-555x690.png 555w, https:\/\/gobin-dethuin-ponthieu.notaires.fr\/wp-content\/uploads\/2025\/03\/Politique-tarifaire-360x448.png 360w, https:\/\/gobin-dethuin-ponthieu.notaires.fr\/wp-content\/uploads\/2025\/03\/Politique-tarifaire-262x326.png 262w\" sizes=\"auto, (max-width: 633px) 100vw, 633px\" \/><\/div><\/div>\n<div class=\"push\" style='height:30px'><\/div>\n<div class=\"row \"><div class=\"wpv-grid grid-1-1  wpv-first-level first unextended\" style=\"padding-top:0px;padding-bottom:0px\" id=\"wpv-column-bae4d2cc9ba826048d8f2c1ea7429687\" ><p style=\"text-align: center;\">Membre d\u2019une association agr\u00e9\u00e9e &#8211; Le r\u00e8glement des honoraires par ch\u00e8que est accept\u00e9. Tout paiement sup\u00e9rieur \u00e0 3.000,00 euros doit \u00eatre effectu\u00e9 par virement.<\/div><\/div>\n","protected":false},"excerpt":{"rendered":"<p>Liste et tarification des prestations d\u00e9tachables (Article annexe 4-9 du d\u00e9cret num\u00e9ro 2016-230 du 26 f\u00e9vrier 2016 et troisi\u00e8me alin\u00e9a de l&rsquo;article L 444-1 du Code de commerce) Le tarif r\u00e8glement\u00e9\u2192 Membre d\u2019une association agr\u00e9\u00e9e &#8211; Le r\u00e8glement des honoraires par ch\u00e8que est accept\u00e9. Tout paiement sup\u00e9rieur \u00e0 3.000,00 euros doit \u00eatre effectu\u00e9 par virement.<\/p>\n","protected":false},"author":1,"featured_media":0,"parent":6754,"menu_order":0,"comment_status":"closed","ping_status":"closed","template":"","meta":{"footnotes":""},"class_list":["post-987880","page","type-page","status-publish","hentry"],"_links":{"self":[{"href":"https:\/\/gobin-dethuin-ponthieu.notaires.fr\/index.php?rest_route=\/wp\/v2\/pages\/987880","targetHints":{"allow":["GET"]}}],"collection":[{"href":"https:\/\/gobin-dethuin-ponthieu.notaires.fr\/index.php?rest_route=\/wp\/v2\/pages"}],"about":[{"href":"https:\/\/gobin-dethuin-ponthieu.notaires.fr\/index.php?rest_route=\/wp\/v2\/types\/page"}],"author":[{"embeddable":true,"href":"https:\/\/gobin-dethuin-ponthieu.notaires.fr\/index.php?rest_route=\/wp\/v2\/users\/1"}],"replies":[{"embeddable":true,"href":"https:\/\/gobin-dethuin-ponthieu.notaires.fr\/index.php?rest_route=%2Fwp%2Fv2%2Fcomments&post=987880"}],"version-history":[{"count":18,"href":"https:\/\/gobin-dethuin-ponthieu.notaires.fr\/index.php?rest_route=\/wp\/v2\/pages\/987880\/revisions"}],"predecessor-version":[{"id":987944,"href":"https:\/\/gobin-dethuin-ponthieu.notaires.fr\/index.php?rest_route=\/wp\/v2\/pages\/987880\/revisions\/987944"}],"up":[{"embeddable":true,"href":"https:\/\/gobin-dethuin-ponthieu.notaires.fr\/index.php?rest_route=\/wp\/v2\/pages\/6754"}],"wp:attachment":[{"href":"https:\/\/gobin-dethuin-ponthieu.notaires.fr\/index.php?rest_route=%2Fwp%2Fv2%2Fmedia&parent=987880"}],"curies":[{"name":"wp","href":"https:\/\/api.w.org\/{rel}","templated":true}]}}