{"id":6331,"date":"2024-09-20T09:10:15","date_gmt":"2024-09-20T07:10:15","guid":{"rendered":"http:\/\/lawyers-attorneys.vamtam.com\/?page_id=6331"},"modified":"2025-03-26T13:59:53","modified_gmt":"2025-03-26T12:59:53","slug":"templates","status":"publish","type":"page","link":"https:\/\/gobin-dethuin-ponthieu.notaires.fr\/?page_id=6331","title":{"rendered":"Mentions l\u00e9gales"},"content":{"rendered":"\r\n<div class=\"row \"><div class=\"wpv-grid grid-3-4  wpv-first-level first unextended\" style=\"padding-top:0px;padding-bottom:0px\" id=\"wpv-column-76abdef487a4d0c142313eb53e6b6f3e\" ><div class=\"page\" title=\"Page 2\">\r\n<div class=\"layoutArea\">\r\n<div class=\"column\"><strong>Malgre\u0301 tous les soins apporte\u0301s a\u0300 la re\u0301alisation de ce site et a\u0300 son actualisation re\u0301gulie\u0300re, des erreurs peuvent s\u2019e\u0302tre glisse\u0301es dans les informations et\/ou documents pre\u0301sente\u0301s.<\/strong><\/div>\r\n<\/div>\r\n<div><\/div>\r\n<\/div>\r\n\r\n\r\n\r\n<h2 class=\"wp-block-heading\">IDENTIFICATION ET COORDONN\u00c9ES DE L\u2019OFFICE NOTARIAL<\/h2>\r\n\r\n\r\n\r\n<div class=\"page\" title=\"Page 2\">\r\n<div class=\"layoutArea\">\r\n<div class=\"column\"><strong>GOBIN &#8211; DE THUIN &#8211; PONTHIEU NOTAIRES<\/strong><\/div>\r\n<div class=\"column\"><strong>Sie\u0300ge social :<\/strong> 33 rue de Ponthieu &#8211; 75008 Paris\r\n<strong>N\u00b0RCS :<\/strong> 907455844\r\n<strong>N\u00b0 d\u2019identification TVA :<\/strong> FR76907455844\r\n<strong>Directeur de la publication :<\/strong> Catherine GOBIN<\/div>\r\n<\/div>\r\n<\/div>\r\n\r\n\r\n\r\n<h2 class=\"wp-block-heading\">DROIT D\u2019AUTEUR<\/h2>\r\n\r\n\r\n\r\n<div class=\"page\" title=\"Page 2\">\r\n<div class=\"layoutArea\">\r\n<div class=\"column\">Aucune reproduction ou repre\u0301sentation ne peut avoir lieu sans le consentement e\u0301crit et pre\u0301alable de l\u2019e\u0301diteur.<\/div>\r\n<\/div>\r\n<\/div>\r\n\r\n\r\n\r\n<h2 class=\"wp-block-heading\">INFORMATIONS H\u00c9BERGEUR<\/h2>\r\n\r\n\r\n\r\n<div class=\"page\" title=\"Page 2\">\r\n<div class=\"layoutArea\">\r\n<div class=\"column\">\r\n\r\n<strong>Socie\u0301te\u0301 OVH<\/strong> <strong>RCS :<\/strong> Roubaix \u2013 Tourcoing 424 761 419 00011 <strong>Sie\u0300ge social :<\/strong> 2, rue Kellerman, 59100 Roubaix. \r\n\r\n\r\n<h2 class=\"wp-block-heading\">INFORMATIONS SUR LES NOTAIRES EN EXERCICE AU SEIN DE L\u2019OFFICE<\/h2>\r\n\r\n\r\n\r\n<div class=\"page\" title=\"Page 2\">\r\n<div class=\"layoutArea\">\r\n<div class=\"column\">Catherine GOBIN a pr\u00eat\u00e9 serment la premi\u00e8re fois en 2017. Le titre de notaire dans la pr\u00e9sente Etude lui a \u00e9t\u00e9 conf\u00e9r\u00e9 par arr\u00eat\u00e9 du garde des sceaux, ministre de la justice (13 place Vend\u00f4me \u00e0 Paris), en date du 18 novembre 2020, consultable au journal officiel de la R\u00e9publique fran\u00e7aise. <a href=\"https:\/\/www.legifrance.gouv.fr\/\" target=\"_blank\" rel=\"noopener\">www.legifrance.gouv.fr<\/a><\/div>\r\n<div class=\"column\">Aurore de THUIN a pr\u00eat\u00e9 serment la premi\u00e8re fois en 2011. Le titre de notaire associ\u00e9 dans la pr\u00e9sente Etude lui a \u00e9t\u00e9 conf\u00e9r\u00e9 par arr\u00eat\u00e9 du garde des sceaux, ministre de la justice (13 place Vend\u00f4me \u00e0 Paris), en date du 5 ao\u00fbt 2021, consultable au journal officiel de la R\u00e9publique fran\u00e7aise. <a href=\"https:\/\/www.legifrance.gouv.fr\/\" target=\"_blank\" rel=\"noopener\">www.legifrance.gouv.fr<\/a><\/div>\r\n<div><\/div>\r\n<div class=\"column\">Chacune d\u2019elle est inscrite au tableau des notaires de la Chambre interd\u00e9partementale des notaires de Paris, 12 avenue Victoria, 75001 Paris.<\/div>\r\n<\/div>\r\n<\/div>\r\n<\/div>\r\n<\/div>\r\n<\/div>\r\n\r\n\r\n\r\n<h2>ASSURANCE ET GARANTIE FINANCI\u00c8RE<\/h2>\r\n\r\n\r\n\r\n<div class=\"page\" title=\"Page 2\">\r\n<div class=\"layoutArea\">L\u2019activit\u00e9 professionnelle de chaque notaire de l\u2019office est couverte par une assurance responsabilit\u00e9 civile souscrite aupr\u00e8s de la Mutuelle du Mans assurances (d\u00e9partement professions lib\u00e9rales, 14 bld Marie et Alexandre Oyon, 72030 Le Mans Cedex 9) \u00e0 hauteur de 100 millions d\u2019euros par sinistre et sans limitation g\u00e9ographique et, au-del\u00e0, par la Caisse r\u00e9gionale de Garantie des notaires \u2013 Paris 1 (12 avenue Victoria, 75001 Paris). Les informations sur le contrat d\u2019assurance MMA peuvent \u00eatre obtenues aupr\u00e8s du courtier La S\u00e9curit\u00e9 Nouvelle, 81 rue Taitbout, 75009 Paris, t\u00e9l. : 01 53 20 50 50.<\/div>\r\n<\/div>\r\n\r\n\r\n\r\n<h2>R\u00c9CLAMATIONS \u00c0 L\u2019ENCONTRE D\u2019UN NOTAIRE<\/h2>\r\n<!-- \/wp:post-content -->\r\n\r\n<!-- wp:paragraph -->\r\n<div class=\"page\" title=\"Page 2\">\r\n<div class=\"layoutArea\">\r\n<div class=\"column\">En cas de litige non r\u00e9solu avec un notaire, vous avez la possibilit\u00e9 de saisir le m\u00e9diateur du notariat sur le site internet : <a href=\"https:\/\/mediateur-notariat.notaires.fr\/\" target=\"_blank\" rel=\"noopener\">www.mediateur-notariat.notaires.fr<\/a>, afin de tenter, avec son aide, de trouver une r\u00e9solution amiable au conflit. (ART L 616-1 et R 616-1 du code de la consommation)<\/div>\r\n<div><\/div>\r\n<div class=\"column\">LE MEDIATEUR DU NOTARIAT\r\n60, Boulevard de la TOUR-MAUBOURG\r\n75007 PARIS\r\nT\u00e9l. : 01 44 90 30 28\r\nFax : 01 44 90 30 30\r\n<a href=\"https:\/\/mediateur-notariat.notaires.fr\/\" target=\"_blank\" rel=\"noopener\">www.mediateur-notariat.notaires.fr<\/a>\r\n<h2>R\u00c8GLES PROFESSIONNELLES APPLICABLES<\/h2>\r\n<!-- \/wp:paragraph -->\r\n\r\n<!-- wp:paragraph -->\r\n<div class=\"page\" title=\"Page 2\">\r\n<div class=\"layoutArea\">\r\n<div class=\"column\">L\u2019activit\u00e9 des notaires est principalement r\u00e9gie par l\u2019ordonnance n\u00b0 45-2590 du 2 novembre 1945, le d\u00e9cret n\u00b0 45-0117 du 19 d\u00e9cembre 1945, le d\u00e9cret n\u00b0 71-941 du 26 novembre 1971, le d\u00e9cret n\u00b0 71-942 du 26 novembre 1971, le d\u00e9cret n\u00b0 73-1202 du 28 d\u00e9cembre 1973, le d\u00e9cret n\u00b0 78-262 du 8 avril 1978, le R\u00e8glement national des notaires, le R\u00e8glement intercours des notaires et le R\u00e8glement des notaires de la Compagnie de Paris. Par ailleurs, des informations sp\u00e9cifiques au site internet doivent y figurer (gestion des cookies\u2026.)<\/div>\r\n<\/div>\r\n<\/div>\r\n<\/div>\r\n<\/div>\r\n<\/div><\/div><\/div>\r\n\r\n\r\n<div class=\"row \"><div class=\"wpv-grid grid-1-1  wpv-first-level first unextended\" style=\"padding-top:0px;padding-bottom:0px\" id=\"wpv-column-1a2c1ffa2e7f23db04917a3e90d3b3de\" ><\/div><\/div>\r\n\r\n<div class=\"row \"><div class=\"wpv-grid grid-1-1  wpv-first-level first unextended\" style=\"padding-top:0px;padding-bottom:0px\" id=\"wpv-column-c37d3cff1ee212f8b71867cdcec3dd11\" ><\/div><\/div>\r\n","protected":false},"excerpt":{"rendered":"<p>Malgre\u0301 tous les soins apporte\u0301s a\u0300 la re\u0301alisation de ce site et a\u0300 son actualisation re\u0301gulie\u0300re, des erreurs peuvent s\u2019e\u0302tre glisse\u0301es dans les informations et\/ou documents pre\u0301sente\u0301s. IDENTIFICATION ET COORDONN\u00c9ES DE L\u2019OFFICE NOTARIAL GOBIN &#8211; DE THUIN &#8211; PONTHIEU NOTAIRES Sie\u0300ge social : 33 rue de Ponthieu &#8211; 75008 Paris N\u00b0RCS : 907455844 N\u00b0 d\u2019identification&#8230;<\/p>\n","protected":false},"author":1,"featured_media":0,"parent":6754,"menu_order":0,"comment_status":"closed","ping_status":"closed","template":"","meta":{"footnotes":""},"class_list":["post-6331","page","type-page","status-publish","hentry"],"_links":{"self":[{"href":"https:\/\/gobin-dethuin-ponthieu.notaires.fr\/index.php?rest_route=\/wp\/v2\/pages\/6331","targetHints":{"allow":["GET"]}}],"collection":[{"href":"https:\/\/gobin-dethuin-ponthieu.notaires.fr\/index.php?rest_route=\/wp\/v2\/pages"}],"about":[{"href":"https:\/\/gobin-dethuin-ponthieu.notaires.fr\/index.php?rest_route=\/wp\/v2\/types\/page"}],"author":[{"embeddable":true,"href":"https:\/\/gobin-dethuin-ponthieu.notaires.fr\/index.php?rest_route=\/wp\/v2\/users\/1"}],"replies":[{"embeddable":true,"href":"https:\/\/gobin-dethuin-ponthieu.notaires.fr\/index.php?rest_route=%2Fwp%2Fv2%2Fcomments&post=6331"}],"version-history":[{"count":22,"href":"https:\/\/gobin-dethuin-ponthieu.notaires.fr\/index.php?rest_route=\/wp\/v2\/pages\/6331\/revisions"}],"predecessor-version":[{"id":987939,"href":"https:\/\/gobin-dethuin-ponthieu.notaires.fr\/index.php?rest_route=\/wp\/v2\/pages\/6331\/revisions\/987939"}],"up":[{"embeddable":true,"href":"https:\/\/gobin-dethuin-ponthieu.notaires.fr\/index.php?rest_route=\/wp\/v2\/pages\/6754"}],"wp:attachment":[{"href":"https:\/\/gobin-dethuin-ponthieu.notaires.fr\/index.php?rest_route=%2Fwp%2Fv2%2Fmedia&parent=6331"}],"curies":[{"name":"wp","href":"https:\/\/api.w.org\/{rel}","templated":true}]}}