{"id":33,"date":"2024-09-20T09:20:51","date_gmt":"2024-09-20T07:20:51","guid":{"rendered":"http:\/\/lawyers-attorneys.vamtam.com\/?page_id=31"},"modified":"2025-03-26T15:01:28","modified_gmt":"2025-03-26T14:01:28","slug":"contact-us","status":"publish","type":"page","link":"https:\/\/gobin-dethuin-ponthieu.notaires.fr\/?page_id=33","title":{"rendered":"Contactez-nous"},"content":{"rendered":"<div class=\"row \"><div class=\"wpv-grid grid-1-1  wpv-first-level first unextended\" style=\"padding-top:0px;padding-bottom:0px\" id=\"wpv-column-18e205fb59a4b702f1a65b2250b2d5e9\" >\t\t<h2 class=\"text-divider-double\">\t\t\tNotre \u00e9tude notariale est situ\u00e9e \u00e0 Paris VIII\t\t<\/h2>\t\t<div class=\"sep\"><\/div>\t<div class=\"row \"><div class=\"wpv-grid grid-1-1  first unextended animation-fade-in animated-active\" style=\"padding-top:0px;padding-bottom:0px\" id=\"wpv-column-e06f6cc50831ba1125d29cc035088284\" ><div class=\"push\" style='margin-bottom:-30px'><\/div>\n<p style=\"text-align: center;\"><span class=\"vamtam-font-style-2 accent-4\">Notre \u00e9tude notariale intervient en droit de la famille et en droit immobilier avec une sp\u00e9cialit\u00e9 en droit international priv\u00e9.<\/span><br \/>\n<div class=\"push\" style='height:30px'><\/div><\/div><\/div>\n<div class=\"push\" style='margin-bottom:-40px'><\/div>\n<div class=\"row \"><div class=\"wpv-grid grid-1-3  first unextended animation-fade-in animated-active\" style=\"padding-top:0px;padding-bottom:0px\" id=\"wpv-column-18bd11ad4c1931e6710da3f47fea068f\" ><p style=\"text-align: center;\"><span class='icon shortcode theme  use-hover' style='font-size:32px !important;color:#CCA876;'>&#57530;<\/span>\n<p style=\"text-align: center;\">Du lundi au vendredi<br \/>\n09:00 \u00e0 12:30 \u2013 14:00 \u00e0 18:00<\/div>\n<div class=\"wpv-grid grid-1-3  unextended animation-fade-in animated-active\" style=\"padding-top:0px;padding-bottom:0px\" id=\"wpv-column-c1f7186f4b6f67624225ea48d9df2623\" ><p style=\"text-align: center;\"><span class='icon shortcode theme  use-hover' style='font-size:32px !important;color:#CCA876;'>&#57547;<\/span>\n<p style=\"text-align: center;\">33, rue de Ponthieu<br \/>\n75008 PARIS<\/div>\n<div class=\"wpv-grid grid-1-3  unextended animation-fade-in animated-active\" style=\"padding-top:0px;padding-bottom:0px\" id=\"wpv-column-bd66b177ded19373ebd16154475da370\" ><p style=\"text-align: center;\"><span class='icon shortcode theme  use-hover' style='font-size:32px !important;color:#CCA876;'>&#57471;<\/span>\n<p style=\"text-align: center;\">T\u00e9l. : 01 80 82 47 70<\/p>\n<p style=\"text-align: center;\"><a href=\"mailto:catherine.gobin@ponthieu.notaires.fr\">Catherine Gobin &#8211; Notaire associ\u00e9<\/a><\/p>\n<p style=\"text-align: center;\"><a href=\"mailto:aurore.dethuin@ponthieu.notaires.fr\">Aurore de Thuin &#8211; Notaire associ\u00e9<\/a><\/div><\/div>\n<div class=\"sep-3\"><\/div><\/div><\/div>\n","protected":false},"excerpt":{"rendered":"<p>Notre \u00e9tude notariale intervient en droit de la famille et en droit immobilier avec une sp\u00e9cialit\u00e9 en droit international priv\u00e9. Du lundi au vendredi 09:00 \u00e0 12:30 \u2013 14:00 \u00e0 18:00 33, rue de Ponthieu 75008 PARIS T\u00e9l. : 01 80 82 47 70 Catherine Gobin &#8211; Notaire associ\u00e9 Aurore de Thuin &#8211; Notaire associ\u00e9<\/p>\n","protected":false},"author":1,"featured_media":0,"parent":0,"menu_order":3,"comment_status":"closed","ping_status":"closed","template":"","meta":{"footnotes":""},"class_list":["post-33","page","type-page","status-publish","hentry"],"_links":{"self":[{"href":"https:\/\/gobin-dethuin-ponthieu.notaires.fr\/index.php?rest_route=\/wp\/v2\/pages\/33","targetHints":{"allow":["GET"]}}],"collection":[{"href":"https:\/\/gobin-dethuin-ponthieu.notaires.fr\/index.php?rest_route=\/wp\/v2\/pages"}],"about":[{"href":"https:\/\/gobin-dethuin-ponthieu.notaires.fr\/index.php?rest_route=\/wp\/v2\/types\/page"}],"author":[{"embeddable":true,"href":"https:\/\/gobin-dethuin-ponthieu.notaires.fr\/index.php?rest_route=\/wp\/v2\/users\/1"}],"replies":[{"embeddable":true,"href":"https:\/\/gobin-dethuin-ponthieu.notaires.fr\/index.php?rest_route=%2Fwp%2Fv2%2Fcomments&post=33"}],"version-history":[{"count":15,"href":"https:\/\/gobin-dethuin-ponthieu.notaires.fr\/index.php?rest_route=\/wp\/v2\/pages\/33\/revisions"}],"predecessor-version":[{"id":987833,"href":"https:\/\/gobin-dethuin-ponthieu.notaires.fr\/index.php?rest_route=\/wp\/v2\/pages\/33\/revisions\/987833"}],"wp:attachment":[{"href":"https:\/\/gobin-dethuin-ponthieu.notaires.fr\/index.php?rest_route=%2Fwp%2Fv2%2Fmedia&parent=33"}],"curies":[{"name":"wp","href":"https:\/\/api.w.org\/{rel}","templated":true}]}}