{"id":277,"date":"2024-09-20T09:30:22","date_gmt":"2024-09-20T07:30:22","guid":{"rendered":"http:\/\/lawyers-attorneys.vamtam.com\/?page_id=277"},"modified":"2024-09-20T11:19:25","modified_gmt":"2024-09-20T09:19:25","slug":"blog-layout-3","status":"publish","type":"page","link":"https:\/\/gobin-dethuin-ponthieu.notaires.fr\/?page_id=277","title":{"rendered":"Actualit\u00e9s"},"content":{"rendered":"<div class=\"push\" style='height:30px'><\/div>\n<div class=\"row \"><div class=\"wpv-grid grid-1-1  wpv-first-level first unextended\" style=\"padding-top:0px;padding-bottom:0px\" id=\"wpv-column-c3adee2d7073ae9da0fa35f7ad0dc2dd\" ><div class=\"loop-wrapper clearfix news row masonry paginated vamtam-cubeportfolio cbp\" data-columns=\"3\"  data-options=\"{&quot;layoutMode&quot;:&quot;mosaic&quot;,&quot;sortToPreventGaps&quot;:true,&quot;defaultFilter&quot;:&quot;*&quot;,&quot;animationType&quot;:&quot;quicksand&quot;,&quot;gapHorizontal&quot;:0,&quot;gapVertical&quot;:30,&quot;gridAdjustment&quot;:&quot;responsive&quot;,&quot;mediaQueries&quot;:[{&quot;width&quot;:847.5,&quot;cols&quot;:3},{&quot;width&quot;:555,&quot;cols&quot;:2},{&quot;width&quot;:262.5,&quot;cols&quot;:1}],&quot;displayType&quot;:&quot;bottomToTop&quot;,&quot;displayTypeSpeed&quot;:100}\">\n\t\t<div class=\"page-content post-header grid-1-3 clearboth list-item cbp-item post-1 post type-post status-publish format-standard has-post-thumbnail hentry category-droit-de-la-famille\" >\n\t\t\t<div>\n\t\t\t\t<div class=\"post-article has-image-wrapper \">\n\t<div class=\"standard-post-format clearfix as-image \">\n\t\t\t<div class=\"thumbnail\">\n\t\t\t\t\t<a href=\"https:\/\/gobin-dethuin-ponthieu.notaires.fr\/?p=1\" title=\"Le changement de r\u00e9gime matrimonial\">\n\t\t\t\t<img loading=\"lazy\" decoding=\"async\" width=\"360\" height=\"240\" src=\"https:\/\/gobin-dethuin-ponthieu.notaires.fr\/wp-content\/uploads\/2023\/12\/Photo-article-1-360x240.jpg\" class=\"attachment-portfolio-masonry-3 size-portfolio-masonry-3 wp-post-image\" alt=\"\" srcset=\"https:\/\/gobin-dethuin-ponthieu.notaires.fr\/wp-content\/uploads\/2023\/12\/Photo-article-1-360x240.jpg 360w, https:\/\/gobin-dethuin-ponthieu.notaires.fr\/wp-content\/uploads\/2023\/12\/Photo-article-1-300x200.jpg 300w, https:\/\/gobin-dethuin-ponthieu.notaires.fr\/wp-content\/uploads\/2023\/12\/Photo-article-1-1024x683.jpg 1024w, https:\/\/gobin-dethuin-ponthieu.notaires.fr\/wp-content\/uploads\/2023\/12\/Photo-article-1-768x512.jpg 768w, https:\/\/gobin-dethuin-ponthieu.notaires.fr\/wp-content\/uploads\/2023\/12\/Photo-article-1-1536x1025.jpg 1536w, https:\/\/gobin-dethuin-ponthieu.notaires.fr\/wp-content\/uploads\/2023\/12\/Photo-article-1-1140x760.jpg 1140w, https:\/\/gobin-dethuin-ponthieu.notaires.fr\/wp-content\/uploads\/2023\/12\/Photo-article-1-555x370.jpg 555w, https:\/\/gobin-dethuin-ponthieu.notaires.fr\/wp-content\/uploads\/2023\/12\/Photo-article-1-262x175.jpg 262w, https:\/\/gobin-dethuin-ponthieu.notaires.fr\/wp-content\/uploads\/2023\/12\/Photo-article-1-1320x881.jpg 1320w, https:\/\/gobin-dethuin-ponthieu.notaires.fr\/wp-content\/uploads\/2023\/12\/Photo-article-1.jpg 1646w\" sizes=\"auto, (min-width: 900px) 50vw, 100vw\" \/>\t\t\t\t<span class='icon shortcode theme  use-hover' style=''>&#58897;<\/span>\t\t\t<\/a>\n\t\t\t<\/div>\n\n\t<div class=\"post-content-wrapper\">\n\t\t<div class=\"post-actions-wrapper clearfix\">\n\t\t\t<div class=\"post-date date updated\">\n\t\t\t\t27 janvier 2024\t\t\t<\/div>\n\t\t\t\t\t\t\t\t\t\t\t\t<div class=\"comment-count\">\n\t\t\t\t\t\t<a href=\"https:\/\/gobin-dethuin-ponthieu.notaires.fr\/?p=1#respond\"><span class=\"icon\">&#57582;<\/span>0 <span class=\"comment-word visuallyhidden\">Comments<\/span><\/a>\t\t\t\t\t<\/div>\n\t\t\t\t\n\t\t\t\t\t\t\t\t\t<\/div>\n\n\t\t\t\t<header class=\"single\">\n\t\t\t<div class=\"content\">\n\t\t\t\t<h3>\n\t\t\t\t\t<a href=\"https:\/\/gobin-dethuin-ponthieu.notaires.fr\/?p=1\" title=\"Le changement de r\u00e9gime matrimonial\" class=\"entry-title\">Le changement de r\u00e9gime matrimonial<\/a>\n\t\t\t\t<\/h3>\n\t\t\t<\/div>\n\t\t<\/header>\n\t\n\t\t<div class=\"post-content-outer\">\n\t\t\t<p>En droit fran\u00e7ais, la proc\u00e9dure de changement de r\u00e9gime matrimonial a \u00e9t\u00e9 simplifi\u00e9e avec la&#8230;<\/p>\n\t\t<\/div>\n\n\t\t\t\t\t<div class=\"post-content-meta\">\n\t\t\t\t\t\t\t\t\t<div class=\"vcard author\"><span class=\"icon theme\">&#57398;<\/span><span class=\"fn\"><a href=\"https:\/\/gobin-dethuin-ponthieu.notaires.fr\/?author=1\" title=\"Articles par admin1617\" rel=\"author\">admin1617<\/a><\/span><\/div>\n\t\t\t\t\t\t\t\t<div>\n\t\t\t\t\tPosted in:  <a href=\"https:\/\/gobin-dethuin-ponthieu.notaires.fr\/?cat=41\" rel=\"category\">Droit de la Famille<\/a>\t\t\t\t<\/div>\n\t\t\t\t\t\t\t<\/div>\n\t\t\t<\/div>\n\t<\/div>\n<\/div>\n\t\t\t<\/div>\n\t\t<\/div>\n\t\t<div class=\"page-content post-header grid-1-3 list-item cbp-item post-294 post type-post status-publish format-image has-post-thumbnail hentry category-droit-immobilier post_format-post-format-image\" >\n\t\t\t<div>\n\t\t\t\t<div class=\"post-article has-image-wrapper \">\n\t<div class=\"image-post-format clearfix as-normal \">\n\t\t\t<div class=\"thumbnail\">\n\t\t\t\t\t<a href=\"https:\/\/gobin-dethuin-ponthieu.notaires.fr\/?p=294\" title=\"Le d\u00e9lai de r\u00e9tractation dans le cadre de l&rsquo;achat d&rsquo;un bien \u00e0 usage d&rsquo;habitation\">\n\t\t\t\t<img loading=\"lazy\" decoding=\"async\" width=\"360\" height=\"240\" src=\"https:\/\/gobin-dethuin-ponthieu.notaires.fr\/wp-content\/uploads\/2024\/01\/Photo-article-2-360x240.png\" class=\"attachment-portfolio-masonry-3 size-portfolio-masonry-3 wp-post-image\" alt=\"\" srcset=\"https:\/\/gobin-dethuin-ponthieu.notaires.fr\/wp-content\/uploads\/2024\/01\/Photo-article-2-360x240.png 360w, https:\/\/gobin-dethuin-ponthieu.notaires.fr\/wp-content\/uploads\/2024\/01\/Photo-article-2-300x200.png 300w, https:\/\/gobin-dethuin-ponthieu.notaires.fr\/wp-content\/uploads\/2024\/01\/Photo-article-2-1024x683.png 1024w, https:\/\/gobin-dethuin-ponthieu.notaires.fr\/wp-content\/uploads\/2024\/01\/Photo-article-2-768x512.png 768w, https:\/\/gobin-dethuin-ponthieu.notaires.fr\/wp-content\/uploads\/2024\/01\/Photo-article-2-1536x1025.png 1536w, https:\/\/gobin-dethuin-ponthieu.notaires.fr\/wp-content\/uploads\/2024\/01\/Photo-article-2-1140x760.png 1140w, https:\/\/gobin-dethuin-ponthieu.notaires.fr\/wp-content\/uploads\/2024\/01\/Photo-article-2-555x370.png 555w, https:\/\/gobin-dethuin-ponthieu.notaires.fr\/wp-content\/uploads\/2024\/01\/Photo-article-2-262x175.png 262w, https:\/\/gobin-dethuin-ponthieu.notaires.fr\/wp-content\/uploads\/2024\/01\/Photo-article-2-1320x881.png 1320w, https:\/\/gobin-dethuin-ponthieu.notaires.fr\/wp-content\/uploads\/2024\/01\/Photo-article-2.png 1646w\" sizes=\"auto, (min-width: 900px) 50vw, 100vw\" \/>\t\t\t\t<span class='icon shortcode theme  use-hover' style=''>&#58897;<\/span>\t\t\t<\/a>\n\t\t\t<\/div>\n\n\t<div class=\"post-content-wrapper\">\n\t\t<div class=\"post-actions-wrapper clearfix\">\n\t\t\t<div class=\"post-date date updated\">\n\t\t\t\t27 janvier 2024\t\t\t<\/div>\n\t\t\t\t\t\t\t\t\t\t\t\t<div class=\"comment-count\">\n\t\t\t\t\t\t<a href=\"https:\/\/gobin-dethuin-ponthieu.notaires.fr\/?p=294#respond\"><span class=\"icon\">&#57582;<\/span>0 <span class=\"comment-word visuallyhidden\">Comments<\/span><\/a>\t\t\t\t\t<\/div>\n\t\t\t\t\n\t\t\t\t\t\t\t\t\t<\/div>\n\n\t\t\t\t<header class=\"single\">\n\t\t\t<div class=\"content\">\n\t\t\t\t<h3>\n\t\t\t\t\t<a href=\"https:\/\/gobin-dethuin-ponthieu.notaires.fr\/?p=294\" title=\"Le d\u00e9lai de r\u00e9tractation dans le cadre de l&rsquo;achat d&rsquo;un bien \u00e0 usage d&rsquo;habitation\" class=\"entry-title\">Le d\u00e9lai de r\u00e9tractation dans le cadre de l&rsquo;achat d&rsquo;un bien \u00e0 usage d&rsquo;habitation<\/a>\n\t\t\t\t<\/h3>\n\t\t\t<\/div>\n\t\t<\/header>\n\t\n\t\t<div class=\"post-content-outer\">\n\t\t\t<p>En droit fran\u00e7ais, le d\u00e9lai de r\u00e9tractation permet \u00e0 un particulier acheteur d\u2019un bien immobilier&#8230;<\/p>\n\t\t<\/div>\n\n\t\t\t\t\t<div class=\"post-content-meta\">\n\t\t\t\t\t\t\t\t\t<div class=\"vcard author\"><span class=\"icon theme\">&#57398;<\/span><span class=\"fn\"><a href=\"https:\/\/gobin-dethuin-ponthieu.notaires.fr\/?author=1\" title=\"Articles par admin1617\" rel=\"author\">admin1617<\/a><\/span><\/div>\n\t\t\t\t\t\t\t\t<div>\n\t\t\t\t\tPosted in:  <a href=\"https:\/\/gobin-dethuin-ponthieu.notaires.fr\/?cat=42\" rel=\"category\">Droit Immobilier<\/a>\t\t\t\t<\/div>\n\t\t\t\t\t\t\t<\/div>\n\t\t\t<\/div>\n\t<\/div>\n<\/div>\n\t\t\t<\/div>\n\t\t<\/div>\n\t\t<div class=\"page-content post-header grid-1-3 list-item cbp-item post-304 post type-post status-publish format-image has-post-thumbnail hentry category-droit-international-prive post_format-post-format-image\" >\n\t\t\t<div>\n\t\t\t\t<div class=\"post-article has-image-wrapper \">\n\t<div class=\"image-post-format clearfix as-normal \">\n\t\t\t<div class=\"thumbnail\">\n\t\t\t\t\t<a href=\"https:\/\/gobin-dethuin-ponthieu.notaires.fr\/?p=304\" title=\"La loi successorale applicable \u00e0 une succession internationale\">\n\t\t\t\t<img loading=\"lazy\" decoding=\"async\" width=\"360\" height=\"241\" src=\"https:\/\/gobin-dethuin-ponthieu.notaires.fr\/wp-content\/uploads\/2024\/01\/Photo-article-3-360x241.png\" class=\"attachment-portfolio-masonry-3 size-portfolio-masonry-3 wp-post-image\" alt=\"\" srcset=\"https:\/\/gobin-dethuin-ponthieu.notaires.fr\/wp-content\/uploads\/2024\/01\/Photo-article-3-360x240.png 360w, https:\/\/gobin-dethuin-ponthieu.notaires.fr\/wp-content\/uploads\/2024\/01\/Photo-article-3-300x200.png 300w, https:\/\/gobin-dethuin-ponthieu.notaires.fr\/wp-content\/uploads\/2024\/01\/Photo-article-3-1024x684.png 1024w, https:\/\/gobin-dethuin-ponthieu.notaires.fr\/wp-content\/uploads\/2024\/01\/Photo-article-3-768x513.png 768w, https:\/\/gobin-dethuin-ponthieu.notaires.fr\/wp-content\/uploads\/2024\/01\/Photo-article-3-1536x1026.png 1536w, https:\/\/gobin-dethuin-ponthieu.notaires.fr\/wp-content\/uploads\/2024\/01\/Photo-article-3-1140x760.png 1140w, https:\/\/gobin-dethuin-ponthieu.notaires.fr\/wp-content\/uploads\/2024\/01\/Photo-article-3-555x370.png 555w, https:\/\/gobin-dethuin-ponthieu.notaires.fr\/wp-content\/uploads\/2024\/01\/Photo-article-3-262x175.png 262w, https:\/\/gobin-dethuin-ponthieu.notaires.fr\/wp-content\/uploads\/2024\/01\/Photo-article-3-1320x882.png 1320w, https:\/\/gobin-dethuin-ponthieu.notaires.fr\/wp-content\/uploads\/2024\/01\/Photo-article-3.png 1646w\" sizes=\"auto, (min-width: 900px) 50vw, 100vw\" \/>\t\t\t\t<span class='icon shortcode theme  use-hover' style=''>&#58897;<\/span>\t\t\t<\/a>\n\t\t\t<\/div>\n\n\t<div class=\"post-content-wrapper\">\n\t\t<div class=\"post-actions-wrapper clearfix\">\n\t\t\t<div class=\"post-date date updated\">\n\t\t\t\t26 janvier 2024\t\t\t<\/div>\n\t\t\t\t\t\t\t\t\t\t\t\t<div class=\"comment-count\">\n\t\t\t\t\t\t<a href=\"https:\/\/gobin-dethuin-ponthieu.notaires.fr\/?p=304#respond\"><span class=\"icon\">&#57582;<\/span>0 <span class=\"comment-word visuallyhidden\">Comments<\/span><\/a>\t\t\t\t\t<\/div>\n\t\t\t\t\n\t\t\t\t\t\t\t\t\t<\/div>\n\n\t\t\t\t<header class=\"single\">\n\t\t\t<div class=\"content\">\n\t\t\t\t<h3>\n\t\t\t\t\t<a href=\"https:\/\/gobin-dethuin-ponthieu.notaires.fr\/?p=304\" title=\"La loi successorale applicable \u00e0 une succession internationale\" class=\"entry-title\">La loi successorale applicable \u00e0 une succession internationale<\/a>\n\t\t\t\t<\/h3>\n\t\t\t<\/div>\n\t\t<\/header>\n\t\n\t\t<div class=\"post-content-outer\">\n\t\t\t<p>En mati\u00e8re de succession internationale, la loi applicable est d\u00e9termin\u00e9e par le r\u00e8glement europ\u00e9en n\u00b0&#8230;<\/p>\n\t\t<\/div>\n\n\t\t\t\t\t<div class=\"post-content-meta\">\n\t\t\t\t\t\t\t\t\t<div class=\"vcard author\"><span class=\"icon theme\">&#57398;<\/span><span class=\"fn\"><a href=\"https:\/\/gobin-dethuin-ponthieu.notaires.fr\/?author=1\" title=\"Articles par admin1617\" rel=\"author\">admin1617<\/a><\/span><\/div>\n\t\t\t\t\t\t\t\t<div>\n\t\t\t\t\tPosted in:  <a href=\"https:\/\/gobin-dethuin-ponthieu.notaires.fr\/?cat=43\" rel=\"category\">Droit International Priv\u00e9<\/a>\t\t\t\t<\/div>\n\t\t\t\t\t\t\t<\/div>\n\t\t\t<\/div>\n\t<\/div>\n<\/div>\n\t\t\t<\/div>\n\t\t<\/div>\n<\/div>\n\n<\/div><\/div>\n","protected":false},"excerpt":{"rendered":"<p>En mati\u00e8re de succession internationale, la loi applicable est d\u00e9termin\u00e9e par le r\u00e8glement europ\u00e9en n\u00b0 650\/2012, dit \u201cr\u00e8glement Succession\u201d, en vigueur depuis le 17 ao\u00fbt 2015. Ce texte harmonise les r\u00e8gles au sein des \u00c9tats membres de l\u2019Union europ\u00e9enne (\u00e0 l\u2019exception du Danemark et de l\u2019Irlande) pour les successions comportant un \u00e9l\u00e9ment d\u2019extran\u00e9it\u00e9, c\u2019est-\u00e0-dire lorsque&#8230;<\/p>\n","protected":false},"author":1,"featured_media":0,"parent":275,"menu_order":3,"comment_status":"closed","ping_status":"closed","template":"","meta":{"footnotes":""},"class_list":["post-277","page","type-page","status-publish","hentry"],"_links":{"self":[{"href":"https:\/\/gobin-dethuin-ponthieu.notaires.fr\/index.php?rest_route=\/wp\/v2\/pages\/277","targetHints":{"allow":["GET"]}}],"collection":[{"href":"https:\/\/gobin-dethuin-ponthieu.notaires.fr\/index.php?rest_route=\/wp\/v2\/pages"}],"about":[{"href":"https:\/\/gobin-dethuin-ponthieu.notaires.fr\/index.php?rest_route=\/wp\/v2\/types\/page"}],"author":[{"embeddable":true,"href":"https:\/\/gobin-dethuin-ponthieu.notaires.fr\/index.php?rest_route=\/wp\/v2\/users\/1"}],"replies":[{"embeddable":true,"href":"https:\/\/gobin-dethuin-ponthieu.notaires.fr\/index.php?rest_route=%2Fwp%2Fv2%2Fcomments&post=277"}],"version-history":[{"count":4,"href":"https:\/\/gobin-dethuin-ponthieu.notaires.fr\/index.php?rest_route=\/wp\/v2\/pages\/277\/revisions"}],"predecessor-version":[{"id":987832,"href":"https:\/\/gobin-dethuin-ponthieu.notaires.fr\/index.php?rest_route=\/wp\/v2\/pages\/277\/revisions\/987832"}],"up":[{"embeddable":true,"href":"https:\/\/gobin-dethuin-ponthieu.notaires.fr\/index.php?rest_route=\/wp\/v2\/pages\/275"}],"wp:attachment":[{"href":"https:\/\/gobin-dethuin-ponthieu.notaires.fr\/index.php?rest_route=%2Fwp%2Fv2%2Fmedia&parent=277"}],"curies":[{"name":"wp","href":"https:\/\/api.w.org\/{rel}","templated":true}]}}